{"id":2725,"date":"2023-11-11T02:36:56","date_gmt":"2023-11-11T02:36:56","guid":{"rendered":"https:\/\/wp1.themevibrant.com\/newwp\/wellson\/?page_id=2725"},"modified":"2025-01-20T02:29:46","modified_gmt":"2025-01-20T02:29:46","slug":"community-care","status":"publish","type":"page","link":"https:\/\/www.grandinan.com\/pap\/community-care\/","title":{"rendered":"Wijkzorg"},"content":{"rendered":"<div data-elementor-type=\"wp-page\" data-elementor-id=\"2725\" class=\"elementor elementor-2725\" data-elementor-post-type=\"page\">\n\t\t\t\t<div class=\"elementor-element elementor-element-923eff0 e-flex e-con-boxed e-con e-parent\" data-id=\"923eff0\" data-element_type=\"container\" data-settings=\"{&quot;background_background&quot;:&quot;classic&quot;}\">\n\t\t\t\t\t<div class=\"e-con-inner\">\n\t\t\t\t<div class=\"elementor-element elementor-element-2d796b8 elementor-widget elementor-widget-heading\" data-id=\"2d796b8\" data-element_type=\"widget\" data-widget_type=\"heading.default\">\n\t\t\t\t<div class=\"elementor-widget-container\">\n\t\t\t\t\t<h2 class=\"elementor-heading-title elementor-size-default\">Wijkzorg-Instellingen<\/h2>\t\t\t\t<\/div>\n\t\t\t\t<\/div>\n\t\t\t\t\t<\/div>\n\t\t\t\t<\/div>\n\t\t<div class=\"elementor-element elementor-element-63d5b5b e-flex e-con-boxed e-con e-parent\" data-id=\"63d5b5b\" data-element_type=\"container\">\n\t\t\t\t\t<div class=\"e-con-inner\">\n\t\t<div class=\"elementor-element elementor-element-cd9920a e-con-full e-flex e-con e-child\" data-id=\"cd9920a\" data-element_type=\"container\">\n\t\t\t\t<div class=\"elementor-element elementor-element-bd184e2 elementor-widget elementor-widget-wellson_hero_title\" data-id=\"bd184e2\" data-element_type=\"widget\" data-widget_type=\"wellson_hero_title.default\">\n\t\t\t\t<div class=\"elementor-widget-container\">\n\t\t\t\t\t    \n\t    \n    <div class=\"sec-title wellson-title-wrap\">\n        \t\t<span class=\"sub-title te-bn-subtitle\">Wijkzorg na K\u00f2rsou<\/span>                \t\t<h2 class=\"te-bn-title wellson-size-default\">Importansia di Wijkzorg na K\u00f2rsou<\/h2>        \t\t    <\/div>\n        \n        \t\t\t\t<\/div>\n\t\t\t\t<\/div>\n\t\t\t\t<div class=\"elementor-element elementor-element-18e4f4d elementor-widget elementor-widget-wellson_hero_title\" data-id=\"18e4f4d\" data-element_type=\"widget\" data-widget_type=\"wellson_hero_title.default\">\n\t\t\t\t<div class=\"elementor-widget-container\">\n\t\t\t\t\t    \n\t    \n    <div class=\"sec-title wellson-title-wrap\">\n                \t\t<h3 class=\"te-bn-title wellson-size-default\"><\/h3>        \t\t        <div class=\"te-bn-text\">\n            <p>Wijkzorg, konosi komo kuido na kas, ta un parti esensial den e sistema di sal\u00fa na K\u00f2rsou. E ta permit\u00ed hende grandi pa risib\u00ed e kuido m\u00e9diko i personal ku nan mester, sin mester di sali for di nan kas. Esaki no solamente ta mehor\u00e1 bienestar i independensia di e kliente, pero tambe ta redus\u00ed e preshon riba hospital i otro sentro di kuido m\u00e9diko. Na K\u00f2rsou tin algun organisashon ku ta ofres\u00e9 wijkzorg. Akinan nos tin un lista di algun di nan:\n<\/p>\n        <\/div>\n            <\/div>\n        \n        \t\t\t\t<\/div>\n\t\t\t\t<\/div>\n\t\t\t\t<\/div>\n\t\t<div class=\"elementor-element elementor-element-221cdb0 e-con-full e-flex e-con e-child\" data-id=\"221cdb0\" data-element_type=\"container\">\n\t\t\t\t<div class=\"elementor-element elementor-element-86f4984 elementor-position-left elementor-view-default elementor-mobile-position-top elementor-vertical-align-top elementor-widget elementor-widget-icon-box\" data-id=\"86f4984\" data-element_type=\"widget\" data-widget_type=\"icon-box.default\">\n\t\t\t\t<div class=\"elementor-widget-container\">\n\t\t\t\t\t\t\t<div class=\"elementor-icon-box-wrapper\">\n\n\t\t\t\t\t\t<div class=\"elementor-icon-box-icon\">\n\t\t\t\t<span  class=\"elementor-icon\">\n\t\t\t\t<i aria-hidden=\"true\" class=\"icon icon-checkmark-circle\"><\/i>\t\t\t\t<\/span>\n\t\t\t<\/div>\n\t\t\t\n\t\t\t\t\t\t<div class=\"elementor-icon-box-content\">\n\n\t\t\t\t\t\t\t\t\t<h4 class=\"elementor-icon-box-title\">\n\t\t\t\t\t\t<span  >\n\t\t\t\t\t\t\tWit Gele Kruis voor Thuiszorg 'Prinses Margriet' (Stichting WGK)\t\t\t\t\t\t<\/span>\n\t\t\t\t\t<\/h4>\n\t\t\t\t\n\t\t\t\t\t\t\t\t\t<p class=\"elementor-icon-box-description\">\n\t\t\t\t\t\tSitu\u00e1 na Willemstad, e ta e organisashon di kuido  mas grandi na K\u00f2rsou. Sertifik\u00e1 ku ISO for di 2008, e ta ofres\u00e9 diferente tipo di servisio, ku ta inklu\u00ed enfermeria na kas, kuido familiar i kuido pa mucha chiki.\t\t\t\t\t<\/p>\n\t\t\t\t\n\t\t\t<\/div>\n\t\t\t\n\t\t<\/div>\n\t\t\t\t\t\t<\/div>\n\t\t\t\t<\/div>\n\t\t\t\t<div class=\"elementor-element elementor-element-28538d4 elementor-position-left elementor-view-default elementor-mobile-position-top elementor-vertical-align-top elementor-widget elementor-widget-icon-box\" data-id=\"28538d4\" data-element_type=\"widget\" data-widget_type=\"icon-box.default\">\n\t\t\t\t<div class=\"elementor-widget-container\">\n\t\t\t\t\t\t\t<div class=\"elementor-icon-box-wrapper\">\n\n\t\t\t\t\t\t<div class=\"elementor-icon-box-icon\">\n\t\t\t\t<span  class=\"elementor-icon\">\n\t\t\t\t<i aria-hidden=\"true\" class=\"icon icon-checkmark-circle\"><\/i>\t\t\t\t<\/span>\n\t\t\t<\/div>\n\t\t\t\n\t\t\t\t\t\t<div class=\"elementor-icon-box-content\">\n\n\t\t\t\t\t\t\t\t\t<h3 class=\"elementor-icon-box-title\">\n\t\t\t\t\t\t<span  >\n\t\t\t\t\t\t\tBuurtzorg Caribbean\t\t\t\t\t\t<\/span>\n\t\t\t\t\t<\/h3>\n\t\t\t\t\n\t\t\t\t\t\t\t\t\t<p class=\"elementor-icon-box-description\">\n\t\t\t\t\t\tOperando na Willemstad, e organisashon aki ta introdus\u00ed e modelo inovativo di Buurtzorg na K\u00f2rsou i Aruba. Grupo chik\u00ed di enfermeranan di komunidat ku ta traha independiente ta duna kuido personalis\u00e1 na kas.\t\t\t\t\t<\/p>\n\t\t\t\t\n\t\t\t<\/div>\n\t\t\t\n\t\t<\/div>\n\t\t\t\t\t\t<\/div>\n\t\t\t\t<\/div>\n\t\t\t\t<div class=\"elementor-element elementor-element-1ea1e5e elementor-position-left elementor-view-default elementor-mobile-position-top elementor-vertical-align-top elementor-widget elementor-widget-icon-box\" data-id=\"1ea1e5e\" data-element_type=\"widget\" data-widget_type=\"icon-box.default\">\n\t\t\t\t<div class=\"elementor-widget-container\">\n\t\t\t\t\t\t\t<div class=\"elementor-icon-box-wrapper\">\n\n\t\t\t\t\t\t<div class=\"elementor-icon-box-icon\">\n\t\t\t\t<span  class=\"elementor-icon\">\n\t\t\t\t<i aria-hidden=\"true\" class=\"icon icon-checkmark-circle\"><\/i>\t\t\t\t<\/span>\n\t\t\t<\/div>\n\t\t\t\n\t\t\t\t\t\t<div class=\"elementor-icon-box-content\">\n\n\t\t\t\t\t\t\t\t\t<h3 class=\"elementor-icon-box-title\">\n\t\t\t\t\t\t<span  >\n\t\t\t\t\t\t\tStichting Thuiszorg Banda \u2018Bou\t\t\t\t\t\t<\/span>\n\t\t\t\t\t<\/h3>\n\t\t\t\t\n\t\t\t\t\t\t\t\t\t<p class=\"elementor-icon-box-description\">\n\t\t\t\t\t\tSirbiendo e komunidat di Banda Bou, e organisashon aki ta duna kuido profeshonal ku ta varia entre asistensia personal, te na informashon preventivo i guia.\t\t\t\t\t<\/p>\n\t\t\t\t\n\t\t\t<\/div>\n\t\t\t\n\t\t<\/div>\n\t\t\t\t\t\t<\/div>\n\t\t\t\t<\/div>\n\t\t\t\t<div class=\"elementor-element elementor-element-f7db48a elementor-position-left elementor-view-default elementor-mobile-position-top elementor-vertical-align-top elementor-widget elementor-widget-icon-box\" data-id=\"f7db48a\" data-element_type=\"widget\" data-widget_type=\"icon-box.default\">\n\t\t\t\t<div class=\"elementor-widget-container\">\n\t\t\t\t\t\t\t<div class=\"elementor-icon-box-wrapper\">\n\n\t\t\t\t\t\t<div class=\"elementor-icon-box-icon\">\n\t\t\t\t<span  class=\"elementor-icon\">\n\t\t\t\t<i aria-hidden=\"true\" class=\"icon icon-checkmark-circle\"><\/i>\t\t\t\t<\/span>\n\t\t\t<\/div>\n\t\t\t\n\t\t\t\t\t\t<div class=\"elementor-icon-box-content\">\n\n\t\t\t\t\t\t\t\t\t<h3 class=\"elementor-icon-box-title\">\n\t\t\t\t\t\t<span  >\n\t\t\t\t\t\t\tZorgApart\t\t\t\t\t\t<\/span>\n\t\t\t\t\t<\/h3>\n\t\t\t\t\n\t\t\t\t\t\t\t\t\t<p class=\"elementor-icon-box-description\">\n\t\t\t\t\t\tE organisashon aki ta enfok\u00e1 riba duna kuido regular i spesialis\u00e1 na kliente den nan propio kas.\t\t\t\t\t<\/p>\n\t\t\t\t\n\t\t\t<\/div>\n\t\t\t\n\t\t<\/div>\n\t\t\t\t\t\t<\/div>\n\t\t\t\t<\/div>\n\t\t\t\t<div class=\"elementor-element elementor-element-c535b3b elementor-position-left elementor-view-default elementor-mobile-position-top elementor-vertical-align-top elementor-widget elementor-widget-icon-box\" data-id=\"c535b3b\" data-element_type=\"widget\" data-widget_type=\"icon-box.default\">\n\t\t\t\t<div class=\"elementor-widget-container\">\n\t\t\t\t\t\t\t<div class=\"elementor-icon-box-wrapper\">\n\n\t\t\t\t\t\t<div class=\"elementor-icon-box-icon\">\n\t\t\t\t<span  class=\"elementor-icon\">\n\t\t\t\t<i aria-hidden=\"true\" class=\"icon icon-checkmark-circle\"><\/i>\t\t\t\t<\/span>\n\t\t\t<\/div>\n\t\t\t\n\t\t\t\t\t\t<div class=\"elementor-icon-box-content\">\n\n\t\t\t\t\t\t\t\t\t<h3 class=\"elementor-icon-box-title\">\n\t\t\t\t\t\t<span  >\n\t\t\t\t\t\t\tCarin Cares\t\t\t\t\t\t<\/span>\n\t\t\t\t\t<\/h3>\n\t\t\t\t\n\t\t\t\t\t\t\t\t\t<p class=\"elementor-icon-box-description\">\n\t\t\t\t\t\tKonosi pa su kuido na kas personalis\u00e1, Carin Cares tambe ta duna servisio di kuido mediko pa turista ku mester asistensia durante nan estadia na e isla.\t\t\t\t\t<\/p>\n\t\t\t\t\n\t\t\t<\/div>\n\t\t\t\n\t\t<\/div>\n\t\t\t\t\t\t<\/div>\n\t\t\t\t<\/div>\n\t\t\t\t<\/div>\n\t\t<div class=\"elementor-element elementor-element-17eaea9 e-con-full e-flex e-con e-child\" data-id=\"17eaea9\" data-element_type=\"container\">\n\t\t\t\t<div class=\"elementor-element elementor-element-cc88689 elementor-widget elementor-widget-image\" data-id=\"cc88689\" data-element_type=\"widget\" data-widget_type=\"image.default\">\n\t\t\t\t<div class=\"elementor-widget-container\">\n\t\t\t\t\t\t\t\t\t\t\t\t\t\t\t<img fetchpriority=\"high\" decoding=\"async\" width=\"400\" height=\"600\" src=\"https:\/\/www.grandinan.com\/wp-content\/uploads\/2025\/01\/grandinanverti.jpg\" class=\"attachment-large size-large wp-image-3194\" alt=\"\" srcset=\"https:\/\/www.grandinan.com\/wp-content\/uploads\/2025\/01\/grandinanverti.jpg 400w, https:\/\/www.grandinan.com\/wp-content\/uploads\/2025\/01\/grandinanverti-200x300.jpg 200w\" sizes=\"(max-width: 400px) 100vw, 400px\" \/>\t\t\t\t\t\t\t\t\t\t\t\t\t\t\t<\/div>\n\t\t\t\t<\/div>\n\t\t\t\t<\/div>\n\t\t\t\t\t<\/div>\n\t\t\t\t<\/div>\n\t\t\t\t<\/div>","protected":false},"excerpt":{"rendered":"<p>Wijkzorg-Instellingen Community care in Curacao The Importance of Wijkzorg (Community Care) in Cura\u00e7ao Wijkzorg, or home care, is a vital component of Cura\u00e7ao&#8217;s healthcare system. It enables individuals to receive necessary medical and personal care while remaining in the comfort of their homes. This approach not only enhances the well-being and independence of clients but [&hellip;]<\/p>","protected":false},"author":1,"featured_media":0,"parent":0,"menu_order":0,"comment_status":"closed","ping_status":"closed","template":"tpl-default-elementor.php","meta":{"footnotes":""},"class_list":["post-2725","page","type-page","status-publish","hentry"],"_links":{"self":[{"href":"https:\/\/www.grandinan.com\/pap\/wp-json\/wp\/v2\/pages\/2725","targetHints":{"allow":["GET"]}}],"collection":[{"href":"https:\/\/www.grandinan.com\/pap\/wp-json\/wp\/v2\/pages"}],"about":[{"href":"https:\/\/www.grandinan.com\/pap\/wp-json\/wp\/v2\/types\/page"}],"author":[{"embeddable":true,"href":"https:\/\/www.grandinan.com\/pap\/wp-json\/wp\/v2\/users\/1"}],"replies":[{"embeddable":true,"href":"https:\/\/www.grandinan.com\/pap\/wp-json\/wp\/v2\/comments?post=2725"}],"version-history":[{"count":16,"href":"https:\/\/www.grandinan.com\/pap\/wp-json\/wp\/v2\/pages\/2725\/revisions"}],"predecessor-version":[{"id":3198,"href":"https:\/\/www.grandinan.com\/pap\/wp-json\/wp\/v2\/pages\/2725\/revisions\/3198"}],"wp:attachment":[{"href":"https:\/\/www.grandinan.com\/pap\/wp-json\/wp\/v2\/media?parent=2725"}],"curies":[{"name":"wp","href":"https:\/\/api.w.org\/{rel}","templated":true}]}}