{"id":3118,"date":"2024-12-19T10:45:00","date_gmt":"2024-12-19T10:45:00","guid":{"rendered":"https:\/\/creativencore.com\/Grandinantest\/?page_id=3118"},"modified":"2025-09-10T13:08:30","modified_gmt":"2025-09-10T13:08:30","slug":"tehuizen","status":"publish","type":"page","link":"https:\/\/www.grandinan.com\/pap\/tehuizen\/","title":{"rendered":"Tehuizen"},"content":{"rendered":"<div data-elementor-type=\"wp-page\" data-elementor-id=\"3118\" class=\"elementor elementor-3118\" data-elementor-post-type=\"page\">\n\t\t\t\t<div class=\"elementor-element elementor-element-24b85b27 e-flex e-con-boxed e-con e-parent\" data-id=\"24b85b27\" data-element_type=\"container\" data-settings=\"{&quot;background_background&quot;:&quot;classic&quot;}\">\n\t\t\t\t\t<div class=\"e-con-inner\">\n\t\t\t\t<div class=\"elementor-element elementor-element-23d2c3d4 elementor-widget elementor-widget-heading\" data-id=\"23d2c3d4\" data-element_type=\"widget\" data-widget_type=\"heading.default\">\n\t\t\t\t<div class=\"elementor-widget-container\">\n\t\t\t\t\t<h2 class=\"elementor-heading-title elementor-size-default\">Kasnan di Kuido<\/h2>\t\t\t\t<\/div>\n\t\t\t\t<\/div>\n\t\t\t\t\t<\/div>\n\t\t\t\t<\/div>\n\t\t<div class=\"elementor-element elementor-element-73a78599 e-flex e-con-boxed e-con e-parent\" data-id=\"73a78599\" data-element_type=\"container\">\n\t\t\t\t\t<div class=\"e-con-inner\">\n\t\t<div class=\"elementor-element elementor-element-2a94a233 e-con-full e-flex e-con e-child\" data-id=\"2a94a233\" data-element_type=\"container\">\n\t\t\t\t<div class=\"elementor-element elementor-element-544b9fcc elementor-widget elementor-widget-wellson_hero_title\" data-id=\"544b9fcc\" data-element_type=\"widget\" data-widget_type=\"wellson_hero_title.default\">\n\t\t\t\t<div class=\"elementor-widget-container\">\n\t\t\t\t\t    \n\t    \n    <div class=\"sec-title wellson-title-wrap\">\n        \t\t<span class=\"sub-title te-bn-subtitle\">Kasnan di Kuido na K\u00f2rsou<\/span>                \t\t<h2 class=\"te-bn-title wellson-size-default\">E Importansia di kasnan di kuido na K\u00f2rsou<\/h2>        \t\t    <\/div>\n        \n        \t\t\t\t<\/div>\n\t\t\t\t<\/div>\n\t\t\t\t<div class=\"elementor-element elementor-element-32cab9bb elementor-widget elementor-widget-wellson_hero_title\" data-id=\"32cab9bb\" data-element_type=\"widget\" data-widget_type=\"wellson_hero_title.default\">\n\t\t\t\t<div class=\"elementor-widget-container\">\n\t\t\t\t\t    \n\t    \n    <div class=\"sec-title wellson-title-wrap\">\n                \t\t<h3 class=\"te-bn-title wellson-size-default\"><\/h3>        \t\t        <div class=\"te-bn-text\">\n            <p><p>Mientras ku e populashon di K\u00f2rsou ta bira mas grandi na edat, e demanda pa kuido kompletu pa grandinan a krese significantemente. Kasnan di kuido, konosi lokalmente komo tehuizen, ta fundamental pa duna kuido profesional 24\/7 na nos grandinan ku no por biba independiente mas. E sentronan aki ta kre\u00e1 un ambiente sigur i sostenibel, hasiendo posibel ku e persona ta risib\u00ed atenshon m\u00e9diko, kuido personal i interakshon sosial ku ta nesesario pa nan bienestar.<br \/><br \/><br \/>The presence of nursing homes alleviates the burden on families and the healthcare system by offering specialized care tailored to the needs of the elderly. They also contribute to the community by providing employment opportunities and supporting the local economy.<\/p><p>Here are some notable nursing homes in Cura\u00e7ao divided in areas :<\/p><div id=\"awebChromeHelper\" data-version=\"1.23.6\">\u00a0<\/div><\/p>\n        <\/div>\n            <\/div>\n        \n        \t\t\t\t<\/div>\n\t\t\t\t<\/div>\n\t\t\t\t<\/div>\n\t\t<div class=\"elementor-element elementor-element-4b66c308 e-con-full e-flex e-con e-child\" data-id=\"4b66c308\" data-element_type=\"container\">\n\t\t\t\t<div class=\"elementor-element elementor-element-61261cc elementor-widget__width-initial elementor-widget-mobile__width-inherit elementor-widget elementor-widget-elementskit-accordion\" data-id=\"61261cc\" data-element_type=\"widget\" data-widget_type=\"elementskit-accordion.default\">\n\t\t\t\t<div class=\"elementor-widget-container\">\n\t\t\t\t\t<div class=\"ekit-wid-con\" >\n        <div class=\"elementskit-accordion accoedion-primary\" id=\"accordion-69fb63910000f\">\n\n            \n                <div class=\"elementskit-card active\">\n                    <div class=\"elementskit-card-header\" id=\"primaryHeading-0-61261cc\">\n                        <a href=\"#collapse-bc2283069fb63910000f\" class=\"ekit-accordion--toggler elementskit-btn-link collapsed\" data-ekit-toggle=\"collapse\" data-target=\"#Collapse-bc2283069fb63910000f\" aria-expanded=\"true\" aria-controls=\"Collapse-bc2283069fb63910000f\">\n                                                            <div class=\"ekit_accordion_icon_left_group\">\n                                    <div class=\"ekit_accordion_normal_icon\">\n                                        <!-- Normal Icon -->\n                                        <i class=\"fasicon icon-arrow-down\"><\/i>                                    <\/div>\n\n                                    <div class=\"ekit_accordion_active_icon\">\n                                        <!-- Active Icon -->\n\t\t\t\t\t\t\t\t\t\t<i class=\"fasicon icon-arrow-up\"><\/i>                                    <\/div>\n                                <\/div>\n\n                            \n                            <span class=\"ekit-accordion-title\">     TEHUIZEN - PABOU DI BR\u00d9G<\/span>\n\n                            \n                                                    <\/a>\n                    <\/div>\n\n                    <div id=\"Collapse-bc2283069fb63910000f\" class=\"show collapse\" aria-labelledby=\"primaryHeading-0-61261cc\" data-parent=\"#accordion-69fb63910000f\">\n\n                        <div class=\"elementskit-card-body ekit-accordion--content\">\n                            <p><strong>GRANDI NA KUIDO<\/strong><br \/>Stichting Thuiszorg Bandabao<br \/>Kaya Diorit<br \/>Tera Kor\u00e1<br \/>5103151<br \/>Sra. I. Elings<br \/>r.martina@fikbb.org<br \/>p.elings@tzbb.org<br \/>ST<\/p><p><strong>Stichting HUIZE TABITHA<\/strong><br \/>Kaya Butuela KC3-16<br \/>Grote Berg<br \/>6995512<br \/>Sra. M. Constancia<br \/>htabitha16@outlook.com<br \/>ST<\/p><p><strong>HAMI\u00cbD<\/strong><br \/>Jan Noorduynweg<br \/>Jan Noorduynweg z.n.<br \/>Santa Maria<br \/>5182389<br \/>Sra. S. Ellis<br \/>info@hamied.org<br \/>ST<\/p><p><strong>VILLA MONCHERIE<\/strong><br \/>Jan Noorduynweg 28<br \/>EMZ<\/p><p><strong>GOD'S HOME CASAMI 2<\/strong><br \/>Kaya Antonius Schipper<br \/>Barber<br \/>6852417<br \/>Sra. B. Crispien-Dancely<br \/>godhomecasamifoundation@gmail.com<br \/>ST<\/p><p><strong>VERPLEEGHUIS BET\u00c8SDA<\/strong><br \/>Stichting Verpleeghuizen<br \/>Kaya Mgr. Dr. Amado R\u00f6mer z.n.<br \/>Jan Doret<br \/>8684044<br \/>Sra. C. Harms betesda@betesdacuracao.com<br \/>ST<\/p><p><strong>CECIL PARADISE PASAD\u00cdA<\/strong><br \/>Sint Michiel<\/p>                        <\/div>\n\n                    <\/div>\n\n                <\/div><!-- .elementskit-card END -->\n\n                \n                <div class=\"elementskit-card\">\n                    <div class=\"elementskit-card-header\" id=\"primaryHeading-1-61261cc\">\n                        <a href=\"#collapse-8417e7169fb63910000f\" class=\"ekit-accordion--toggler elementskit-btn-link collapsed\" data-ekit-toggle=\"collapse\" data-target=\"#Collapse-8417e7169fb63910000f\" aria-expanded=\"false\" aria-controls=\"Collapse-8417e7169fb63910000f\">\n                                                            <div class=\"ekit_accordion_icon_left_group\">\n                                    <div class=\"ekit_accordion_normal_icon\">\n                                        <!-- Normal Icon -->\n                                        <i class=\"fasicon icon-arrow-down\"><\/i>                                    <\/div>\n\n                                    <div class=\"ekit_accordion_active_icon\">\n                                        <!-- Active Icon -->\n\t\t\t\t\t\t\t\t\t\t<i class=\"fasicon icon-arrow-up\"><\/i>                                    <\/div>\n                                <\/div>\n\n                            \n                            <span class=\"ekit-accordion-title\">      PARIBA DI BR\u00d9G - WISHI-MARCHENA \/ BUENA VISTA \/ GOEDE HOOP<\/span>\n\n                            \n                                                    <\/a>\n                    <\/div>\n\n                    <div id=\"Collapse-8417e7169fb63910000f\" class=\"collapse\" aria-labelledby=\"primaryHeading-1-61261cc\" data-parent=\"#accordion-69fb63910000f\">\n\n                        <div class=\"elementskit-card-body ekit-accordion--content\">\n                            <p><strong>KAS PA MAYOR DI NOS MAYORNAN<\/strong><br \/>Barahonaweg 2<br \/>Buena Vista<br \/>8885582<br \/>zr. Delannoy<br \/>ST<\/p><p><strong>HIGH QUALITY CARE CENTER FOUNDATION<\/strong><br \/>Hispa\u00f1olaweg 49<br \/>missz.kathy@gmail.com<br \/>Stichtingshalom71@gmail.com<br \/>ST<\/p><p><strong>KAS DI GRANDI BERROA 1<\/strong><br \/>Kaya Criscola 73<br \/>Goede Hoop<br \/>6885579<br \/>Sra. J. Berroa-Zorilla<br \/>EMZ<\/p><p><strong>KAS DI GRANDI BERROA 2<\/strong><br \/>Kaya Criscola 73<br \/>Goede Hoop<br \/>6885579<br \/>Sra. J. Berroa-Zorilla<br \/>EMZ<\/p><p><strong>LOVE AND PEACE NURSING HOME<\/strong><br \/>Esperanzaweg 81<br \/>Goede Hoop<br \/>loveandpeacenh@outlook.com<br \/>EMZ<\/p><p><strong>HEAVENLY HOME FOUNDATION<\/strong><br \/>Kanga 121<br \/>Kanga<br \/>6672889<br \/>Sra. D. Miguel<br \/>ST<\/p><p><strong>KAS PA GRANDINAN SAN MINGUEL<\/strong><br \/>Dein 2-12<br \/>Dein<br \/>5255759<br \/>Sra. Z. Floris<br \/>ST<\/p><p><strong>ARKA DI ROQUE<\/strong><br \/>Kanga 9<br \/>Kanga<br \/>6607922<br \/>Sra. Priscilla<br \/>ST<\/p><p><strong>SHALOM<\/strong><br \/>Buena Vista<\/p><p><strong>ROYAL TREATMENT HOME<\/strong><br \/>Buena Vista<\/p>                        <\/div>\n\n                    <\/div>\n\n                <\/div><!-- .elementskit-card END -->\n\n                \n                <div class=\"elementskit-card\">\n                    <div class=\"elementskit-card-header\" id=\"primaryHeading-2-61261cc\">\n                        <a href=\"#collapse-3cc344469fb63910000f\" class=\"ekit-accordion--toggler elementskit-btn-link collapsed\" data-ekit-toggle=\"collapse\" data-target=\"#Collapse-3cc344469fb63910000f\" aria-expanded=\"false\" aria-controls=\"Collapse-3cc344469fb63910000f\">\n                                                            <div class=\"ekit_accordion_icon_left_group\">\n                                    <div class=\"ekit_accordion_normal_icon\">\n                                        <!-- Normal Icon -->\n                                        <i class=\"fasicon icon-arrow-down\"><\/i>                                    <\/div>\n\n                                    <div class=\"ekit_accordion_active_icon\">\n                                        <!-- Active Icon -->\n\t\t\t\t\t\t\t\t\t\t<i class=\"fasicon icon-arrow-up\"><\/i>                                    <\/div>\n                                <\/div>\n\n                            \n                            <span class=\"ekit-accordion-title\">     PARIBA DI BR\u00d9G -  BRIEVENGAT \/ SCHELPWIJK<\/span>\n\n                            \n                                                    <\/a>\n                    <\/div>\n\n                    <div id=\"Collapse-3cc344469fb63910000f\" class=\"collapse\" aria-labelledby=\"primaryHeading-2-61261cc\" data-parent=\"#accordion-69fb63910000f\">\n\n                        <div class=\"elementskit-card-body ekit-accordion--content\">\n                            <p><strong>HAMI\u00cbD<\/strong><br \/>Willem Hoyerstraat<br \/>Willem Hoyerstraat 40<br \/>Brievengat<br \/>5182389<br \/>Sra. S. Ellis<br \/>ST<\/p><p><strong>Stichting CARTY HOME CARE<\/strong><br \/>Kaya Diodora 2<br \/>Schelpwijk<br \/>6889744<br \/>stichtingcartyhomecare@gmail.com<\/p><p><strong>Stichting COLEUSZORG<\/strong><br \/>Kaya Rakeliou 45<br \/>Schelpwijk<br \/>5619142<br \/>Sra. T. Torregrosa<\/p><p><strong>HOSPICE ARCO COVENT<\/strong><br \/>Majoorsweg 25<br \/>Amerikanenkamp<br \/>Sra. Van Gestel<br \/>info@arcocavent.com<\/p><p><strong>KAS PA GRANDINAN EMMANUEL<\/strong><br \/>Kaya Kokolishi 38<br \/>Schelpwijk<br \/>5206090<br \/>Zr. Janga<br \/>sigmar69@hotmail.com<br \/>ludwigin@yahoo.com<\/p><p><strong>Stichting HUIZE ZORG EN HOOP<\/strong><br \/>SBN Doormanweg 66<br \/>Kas Kor\u00e1<br \/>5106357<br \/>Sra. Smith<br \/>huizezorgenhoop@hotmail.com<\/p><p><strong>DAY AND NIGHT CARE PA NOS GRANDINAN<\/strong><br \/>Monseratweg 7<br \/>Buena Vista<br \/>5141556<br \/>Sra. N. Larisma<br \/>larismasarah759@gmail.com<br \/>EMZ<\/p><p><strong>HUIZE ZUSTER G.M. SPROEST<\/strong><br \/>Cas Coraweg 47<br \/>Kas Kor\u00e1<br \/>huizesproest@outlook.com<\/p>                        <\/div>\n\n                    <\/div>\n\n                <\/div><!-- .elementskit-card END -->\n\n                \n                <div class=\"elementskit-card\">\n                    <div class=\"elementskit-card-header\" id=\"primaryHeading-3-61261cc\">\n                        <a href=\"#collapse-3dad4e069fb63910000f\" class=\"ekit-accordion--toggler elementskit-btn-link collapsed\" data-ekit-toggle=\"collapse\" data-target=\"#Collapse-3dad4e069fb63910000f\" aria-expanded=\"false\" aria-controls=\"Collapse-3dad4e069fb63910000f\">\n                                                            <div class=\"ekit_accordion_icon_left_group\">\n                                    <div class=\"ekit_accordion_normal_icon\">\n                                        <!-- Normal Icon -->\n                                        <i class=\"fasicon icon-arrow-down\"><\/i>                                    <\/div>\n\n                                    <div class=\"ekit_accordion_active_icon\">\n                                        <!-- Active Icon -->\n\t\t\t\t\t\t\t\t\t\t<i class=\"fasicon icon-arrow-up\"><\/i>                                    <\/div>\n                                <\/div>\n\n                            \n                            <span class=\"ekit-accordion-title\">      PARIBA DI BR\u00d9G - BONAM \/ JONGBLOED<\/span>\n\n                            \n                                                    <\/a>\n                    <\/div>\n\n                    <div id=\"Collapse-3dad4e069fb63910000f\" class=\"collapse\" aria-labelledby=\"primaryHeading-3-61261cc\" data-parent=\"#accordion-69fb63910000f\">\n\n                        <div class=\"elementskit-card-body ekit-accordion--content\">\n                            <p><strong>HIDAYAH HOME FOUNDATION<\/strong><br \/>Kaya Nechi Pieters 13<br \/>Jongbloed<br \/>6627889<br \/>Sra. D. Miguel<br \/>ST<\/p><p><strong>GOD'S HOME CASAMI 1<\/strong><br \/>Kaya Bigonia 26<br \/>Bonam<br \/>68524217<br \/>Sra. B. Crispien-Dancely<br \/>godhomecasamifoundation@gmail.com<br \/>ST<\/p><p><strong>DIOS KAS NOS KAS<\/strong><br \/>Kaya Misa Alegre 5<br \/>Bonam<br \/>ST<\/p><p><strong>Stiching HUIZE MEERZORG<\/strong><br \/>Jongbloedweg 15<br \/>Jongbloed<br \/>5106357<br \/>Sra. Smith<br \/>kantorhuizemeerzorg@hotmail.com<br \/>ST<\/p><p><strong>KAS DI ANCIANO NOS WELITA<\/strong><br \/>Kaya Claudomiro Lodewijks 7<br \/>Sapat\u00e9<br \/>7375566<br \/>Sra. N. Bakmeyer-Cominencia<br \/>noswelita@hotmail.com<br \/>ST<\/p><p><strong>HAMI\u00cbD<\/strong><br \/>Santa Catharina<br \/>Kaya Vanda 12\/64<br \/>Santa Catharina<br \/>5182389<br \/>Sra. S. Ellis<br \/>info@hamied.org<br \/>ST<\/p><p><strong>FUNDASHON MI KOMPA\u00d1O<\/strong><br \/>Weto 123<br \/>Weto<br \/>5260081<br \/>Sra. V. Jansen<br \/>ST<\/p><p><strong>RICHARDUSHUIS<\/strong><br \/>Birgen di Rosario<br \/>Santa Rosaweg 52<br \/>Santa Rosa<br \/>4623121<br \/>Sra. I. Rossen-Lucasius<br \/>ST<\/p>                        <\/div>\n\n                    <\/div>\n\n                <\/div><!-- .elementskit-card END -->\n\n                \n                <div class=\"elementskit-card\">\n                    <div class=\"elementskit-card-header\" id=\"primaryHeading-4-61261cc\">\n                        <a href=\"#collapse-e2ff39a69fb63910000f\" class=\"ekit-accordion--toggler elementskit-btn-link collapsed\" data-ekit-toggle=\"collapse\" data-target=\"#Collapse-e2ff39a69fb63910000f\" aria-expanded=\"false\" aria-controls=\"Collapse-e2ff39a69fb63910000f\">\n                                                            <div class=\"ekit_accordion_icon_left_group\">\n                                    <div class=\"ekit_accordion_normal_icon\">\n                                        <!-- Normal Icon -->\n                                        <i class=\"fasicon icon-arrow-down\"><\/i>                                    <\/div>\n\n                                    <div class=\"ekit_accordion_active_icon\">\n                                        <!-- Active Icon -->\n\t\t\t\t\t\t\t\t\t\t<i class=\"fasicon icon-arrow-up\"><\/i>                                    <\/div>\n                                <\/div>\n\n                            \n                            <span class=\"ekit-accordion-title\">      PARIBA DI BR\u00d9G - OVERIGEN<\/span>\n\n                            \n                                                    <\/a>\n                    <\/div>\n\n                    <div id=\"Collapse-e2ff39a69fb63910000f\" class=\"collapse\" aria-labelledby=\"primaryHeading-4-61261cc\" data-parent=\"#accordion-69fb63910000f\">\n\n                        <div class=\"elementskit-card-body ekit-accordion--content\">\n                            <p><strong>HUIZE VERONICA<\/strong><br \/>Barbouquet 10<br \/>5203238<br \/>Hr. P. Jansen<br \/>shvzorg73@gmail.com<br \/>ST<\/p><p><strong>FUNDASHON BO WARDADOR<\/strong><br \/>Pasenshiweg 10<br \/>Santa Rosa<br \/>6661554 - 5698950<br \/>Sra. N. Willems<br \/>shvzorg73@gmail.com<br \/>ST<\/p><p><strong>THE GOLDEN OLDIES<\/strong><br \/>Neptunesweg 52B<br \/>6792010<br \/>Sra. M. Suares<br \/>stichtingthegoldenoldies@gmail.com<br \/>ST<\/p><p><strong>GRAND HILL **<\/strong><br \/>Seru Loraweg 16<br \/>Sra. K. Niessen<br \/>info@gandhillcuracao.com BV<\/p><p><strong>Stichting WOONZORG JULIANA<\/strong><br \/>Ceresstraat<br \/>Sali\u00f1a<br \/>Sra. B. Pizzolo bpizolo@hotmail.com<br \/>ST<\/p><p><strong>HOUSE OF AGATHA<\/strong><br \/>Kaya Klemok 24<br \/>Monta\u00f1a Abou<br \/>5160193<br \/>Sra. Z. Navarro<br \/>ST<\/p><p><strong>KAS DI KUIDO NORA<\/strong><br \/>Warmoesweg 7<br \/>Dominguito<br \/>stichtingnora22@hotmail.com<br \/>EMZ<\/p><p><strong>KUIDO DI NOS TESORONAN<\/strong><br \/>Tamanacostraat 48<br \/>Matancia<br \/>ST<\/p><p><strong>HOSPICE ARCO COVENT<\/strong><br \/>Majoorsweg 25<br \/>Sra. Van Gestel<\/p><p><strong>ZEELANDIA RESIDENTIAL PARK<\/strong><br \/>Polarisweg 28<\/p><p><strong>HUIZE SCHERPENHEUVEL<\/strong><br \/>Scherpenheuvel<\/p><p><strong>Stichting TEHUIS DE ZONNEBERG<\/strong><br \/>Kaya Queenspalm 281B<br \/>Seru Fortuna<\/p><p><strong>KAS CHARLES CORSEN<\/strong><br \/>Monta\u00f1a<\/p><p><strong>FILOMENA ZORGHOTEL EN VAKANTIEVERBLIJF<\/strong><br \/>Sint Joris<\/p>                        <\/div>\n\n                    <\/div>\n\n                <\/div><!-- .elementskit-card END -->\n\n                \n                <div class=\"elementskit-card\">\n                    <div class=\"elementskit-card-header\" id=\"primaryHeading-5-61261cc\">\n                        <a href=\"#collapse-23a49d569fb63910000f\" class=\"ekit-accordion--toggler elementskit-btn-link collapsed\" data-ekit-toggle=\"collapse\" data-target=\"#Collapse-23a49d569fb63910000f\" aria-expanded=\"false\" aria-controls=\"Collapse-23a49d569fb63910000f\">\n                                                            <div class=\"ekit_accordion_icon_left_group\">\n                                    <div class=\"ekit_accordion_normal_icon\">\n                                        <!-- Normal Icon -->\n                                        <i class=\"fasicon icon-arrow-down\"><\/i>                                    <\/div>\n\n                                    <div class=\"ekit_accordion_active_icon\">\n                                        <!-- Active Icon -->\n\t\t\t\t\t\t\t\t\t\t<i class=\"fasicon icon-arrow-up\"><\/i>                                    <\/div>\n                                <\/div>\n\n                            \n                            <span class=\"ekit-accordion-title\">PARTI  MEIMEI<\/span>\n\n                            \n                                                    <\/a>\n                    <\/div>\n\n                    <div id=\"Collapse-23a49d569fb63910000f\" class=\"collapse\" aria-labelledby=\"primaryHeading-5-61261cc\" data-parent=\"#accordion-69fb63910000f\">\n\n                        <div class=\"elementskit-card-body ekit-accordion--content\">\n                            <p><strong>HUIZE WELGELEGEN<\/strong><br \/>Birgen di Rosario **<br \/>Welgelegen<br \/>4623121<br \/>Sra. I. Rossen-Lucasius<br \/>info@birgendirosario.com<br \/>ST<\/p><p><strong>NOS LANTERNO<\/strong><br \/>Birgen di Rosario<br \/>Gouv. van Lansbergeweg 67<br \/>Welgelegen<br \/>4623121<br \/>Sra. I. Rossen-Lucasius<br \/>info@birgendirosario.com<br \/>ST<\/p><p><strong>ALVERNA<\/strong><br \/>Birgen di Rosario<br \/>Gouv. van Lansbergeweg 67<br \/>Welgelegen<br \/>4623121<br \/>Sra. I. Rossen-Lucasius<br \/>info@birgendirosario.com<br \/>ST<\/p><p><strong>RESIDENCE PARADISE FOUNDATION<\/strong><br \/>Heintje Koolweg 10<br \/>ST<\/p><p><strong>FUNDASHON KAS HUGENHOLTZ<\/strong><br \/>Rembrandtstraat 69<br \/>Otrobanda<br \/>5606161<br \/>Hr. A. Comenencia<br \/>info@kashugenholtz.com<br \/>ST<\/p>                        <\/div>\n\n                    <\/div>\n\n                <\/div><!-- .elementskit-card END -->\n\n                                        <\/div>\n    <\/div>\t\t\t\t<\/div>\n\t\t\t\t<\/div>\n\t\t\t\t<\/div>\n\t\t<div class=\"elementor-element elementor-element-57e663c8 e-con-full e-flex e-con e-child\" data-id=\"57e663c8\" data-element_type=\"container\">\n\t\t\t\t<div class=\"elementor-element elementor-element-358b07ae elementor-widget elementor-widget-image\" data-id=\"358b07ae\" data-element_type=\"widget\" data-widget_type=\"image.default\">\n\t\t\t\t<div class=\"elementor-widget-container\">\n\t\t\t\t\t\t\t\t\t\t\t\t\t\t\t<img fetchpriority=\"high\" decoding=\"async\" width=\"525\" height=\"937\" src=\"https:\/\/www.grandinan.com\/wp-content\/uploads\/2025\/09\/IMG_0809-scaled-1-574x1024.jpg\" class=\"attachment-large size-large wp-image-3405\" alt=\"\" srcset=\"https:\/\/www.grandinan.com\/wp-content\/uploads\/2025\/09\/IMG_0809-scaled-1-574x1024.jpg 574w, https:\/\/www.grandinan.com\/wp-content\/uploads\/2025\/09\/IMG_0809-scaled-1-168x300.jpg 168w, https:\/\/www.grandinan.com\/wp-content\/uploads\/2025\/09\/IMG_0809-scaled-1-768x1369.jpg 768w, https:\/\/www.grandinan.com\/wp-content\/uploads\/2025\/09\/IMG_0809-scaled-1-1149x2048.jpg 1149w, https:\/\/www.grandinan.com\/wp-content\/uploads\/2025\/09\/IMG_0809-scaled-1-7x12.jpg 7w, https:\/\/www.grandinan.com\/wp-content\/uploads\/2025\/09\/IMG_0809-scaled-1.jpg 1436w\" sizes=\"(max-width: 525px) 100vw, 525px\" \/>\t\t\t\t\t\t\t\t\t\t\t\t\t\t\t<\/div>\n\t\t\t\t<\/div>\n\t\t\t\t<\/div>\n\t\t\t\t\t<\/div>\n\t\t\t\t<\/div>\n\t\t\t\t<\/div>","protected":false},"excerpt":{"rendered":"<p>Nursing Homes Nursing Homes in Curacao The Importance of Nursing Homes in Cura\u00e7ao As Cura\u00e7ao&#8217;s population ages, the demand for comprehensive elder care has grown significantly. Nursing homes, known locally as &#8220;tehuizen,&#8221; play a vital role in providing 24\/7 professional care for seniors who can no longer live independently. These facilities offer a safe and [&hellip;]<\/p>","protected":false},"author":1,"featured_media":0,"parent":0,"menu_order":0,"comment_status":"closed","ping_status":"closed","template":"tpl-default-elementor.php","meta":{"footnotes":""},"class_list":["post-3118","page","type-page","status-publish","hentry"],"_links":{"self":[{"href":"https:\/\/www.grandinan.com\/pap\/wp-json\/wp\/v2\/pages\/3118","targetHints":{"allow":["GET"]}}],"collection":[{"href":"https:\/\/www.grandinan.com\/pap\/wp-json\/wp\/v2\/pages"}],"about":[{"href":"https:\/\/www.grandinan.com\/pap\/wp-json\/wp\/v2\/types\/page"}],"author":[{"embeddable":true,"href":"https:\/\/www.grandinan.com\/pap\/wp-json\/wp\/v2\/users\/1"}],"replies":[{"embeddable":true,"href":"https:\/\/www.grandinan.com\/pap\/wp-json\/wp\/v2\/comments?post=3118"}],"version-history":[{"count":16,"href":"https:\/\/www.grandinan.com\/pap\/wp-json\/wp\/v2\/pages\/3118\/revisions"}],"predecessor-version":[{"id":3410,"href":"https:\/\/www.grandinan.com\/pap\/wp-json\/wp\/v2\/pages\/3118\/revisions\/3410"}],"wp:attachment":[{"href":"https:\/\/www.grandinan.com\/pap\/wp-json\/wp\/v2\/media?parent=3118"}],"curies":[{"name":"wp","href":"https:\/\/api.w.org\/{rel}","templated":true}]}}